{"id":9534,"date":"2024-09-24T12:23:49","date_gmt":"2024-09-24T10:23:49","guid":{"rendered":"https:\/\/ximenaduyos.belenweb.com\/?post_type=product&#038;p=9534"},"modified":"2024-10-14T13:32:18","modified_gmt":"2024-10-14T11:32:18","slug":"cuanto-mas-me-rio-mas-nos-quiero","status":"publish","type":"product","link":"https:\/\/www.ximenaduyos.com\/?product=cuanto-mas-me-rio-mas-nos-quiero","title":{"rendered":"Cuanto m\u00e1s me r\u00edo, m\u00e1s nos quiero"},"content":{"rendered":"<h2>Juego de tarjetas para parejas<br \/>\nCuanto m\u00e1s me r\u00edo, m\u00e1s nos quiero<\/h2>\n<p>\u00bfSab\u00edas que la respuesta corporal de una carcajada es similar a la causada por un orgasmo? La risa tiene unos efectos maravillosos en nuestro cuerpo y m\u00e1s cuando surge en un momento social y, si quien te hace pas\u00e1rtelo bien es tu pareja, \u00bfc\u00f3mo de fortalecida se ver\u00e1 vuestra relaci\u00f3n?<\/p>\n<p>Las relaciones de pareja requieren de un cuidado especial pero\u2026 \u00bfcu\u00e1ndo? \u00a1si el d\u00eda a d\u00eda nos come!<\/p>\n<p>Pasa un buen rato con tu pareja y fortalece vuestro v\u00ednculo jugando a \u201cCu\u00e1nto m\u00e1s me r\u00edo, m\u00e1s nos quiero\u201d, el juego de tarjetas que garantiza un buen rato de risas que termina en conexi\u00f3n y\u2026 \u00a1mucho amor!<\/p>\n<p>Compartir la vida con alguien que nos haga sonre\u00edr es maravilloso pero re\u00edr juntos es mucho mejor.<\/p>\n<p><em><strong>\u201cEl humor aumenta el amor, \u00bfno cre\u00e9is?\u201d.<\/strong><\/em><\/p>\n","protected":false},"excerpt":{"rendered":"<p>Juego de tarjetas para parejas Cuanto m\u00e1s me r\u00edo, m\u00e1s nos quiero \u00bfSab\u00edas que la respuesta corporal de una carcajada<\/p>\n","protected":false},"featured_media":10746,"template":"","meta":{"_joinchat":[]},"product_brand":[],"product_cat":[91],"product_tag":[],"class_list":{"0":"post-9534","1":"product","2":"type-product","3":"status-publish","4":"has-post-thumbnail","6":"product_cat-juegos-de-tarjetas","8":"first","9":"instock","10":"virtual","11":"taxable","12":"purchasable","13":"product-type-simple"},"yoast_head":"<!-- This site is optimized with the Yoast SEO plugin v27.0 - https:\/\/yoast.com\/product\/yoast-seo-wordpress\/ -->\n<title>Cuanto m\u00e1s me r\u00edo, m\u00e1s nos quiero - Ximena duyos<\/title>\n<meta name=\"robots\" content=\"noindex, follow, max-snippet:-1, max-image-preview:large, max-video-preview:-1\" \/>\n<meta property=\"og:locale\" content=\"es_ES\" \/>\n<meta property=\"og:type\" content=\"article\" \/>\n<meta property=\"og:title\" content=\"Cuanto m\u00e1s me r\u00edo, m\u00e1s nos quiero - Ximena duyos\" \/>\n<meta property=\"og:description\" content=\"Juego de tarjetas para parejas Cuanto m\u00e1s me r\u00edo, m\u00e1s nos quiero \u00bfSab\u00edas que la respuesta corporal de una carcajada\" \/>\n<meta property=\"og:url\" content=\"https:\/\/www.ximenaduyos.com\/producto\/cuanto-mas-me-rio-mas-nos-quiero\/\" \/>\n<meta property=\"og:site_name\" content=\"Ximena duyos\" \/>\n<meta property=\"article:modified_time\" content=\"2024-10-14T11:32:18+00:00\" \/>\n<meta property=\"og:image\" content=\"https:\/\/www.ximenaduyos.com\/wp-content\/uploads\/2024\/10\/cuanto-mas-me-rio.png\" \/>\n\t<meta property=\"og:image:width\" content=\"818\" \/>\n\t<meta property=\"og:image:height\" content=\"1374\" \/>\n\t<meta property=\"og:image:type\" content=\"image\/png\" \/>\n<meta name=\"twitter:card\" content=\"summary_large_image\" \/>\n<meta name=\"twitter:label1\" content=\"Tiempo de lectura\" \/>\n\t<meta name=\"twitter:data1\" content=\"1 minuto\" \/>\n<script type=\"application\/ld+json\" class=\"yoast-schema-graph\">{\"@context\":\"https:\/\/schema.org\",\"@graph\":[{\"@type\":\"WebPage\",\"@id\":\"https:\/\/www.ximenaduyos.com\/producto\/cuanto-mas-me-rio-mas-nos-quiero\/\",\"url\":\"https:\/\/www.ximenaduyos.com\/producto\/cuanto-mas-me-rio-mas-nos-quiero\/\",\"name\":\"Cuanto m\u00e1s me r\u00edo, m\u00e1s nos quiero - Ximena duyos\",\"isPartOf\":{\"@id\":\"https:\/\/www.ximenaduyos.com\/#website\"},\"primaryImageOfPage\":{\"@id\":\"https:\/\/www.ximenaduyos.com\/producto\/cuanto-mas-me-rio-mas-nos-quiero\/#primaryimage\"},\"image\":{\"@id\":\"https:\/\/www.ximenaduyos.com\/producto\/cuanto-mas-me-rio-mas-nos-quiero\/#primaryimage\"},\"thumbnailUrl\":\"https:\/\/www.ximenaduyos.com\/wp-content\/uploads\/2024\/10\/cuanto-mas-me-rio.png\",\"datePublished\":\"2024-09-24T10:23:49+00:00\",\"dateModified\":\"2024-10-14T11:32:18+00:00\",\"breadcrumb\":{\"@id\":\"https:\/\/www.ximenaduyos.com\/producto\/cuanto-mas-me-rio-mas-nos-quiero\/#breadcrumb\"},\"inLanguage\":\"es\",\"potentialAction\":[{\"@type\":\"ReadAction\",\"target\":[\"https:\/\/www.ximenaduyos.com\/producto\/cuanto-mas-me-rio-mas-nos-quiero\/\"]}]},{\"@type\":\"ImageObject\",\"inLanguage\":\"es\",\"@id\":\"https:\/\/www.ximenaduyos.com\/producto\/cuanto-mas-me-rio-mas-nos-quiero\/#primaryimage\",\"url\":\"https:\/\/www.ximenaduyos.com\/wp-content\/uploads\/2024\/10\/cuanto-mas-me-rio.png\",\"contentUrl\":\"https:\/\/www.ximenaduyos.com\/wp-content\/uploads\/2024\/10\/cuanto-mas-me-rio.png\",\"width\":818,\"height\":1374},{\"@type\":\"BreadcrumbList\",\"@id\":\"https:\/\/www.ximenaduyos.com\/producto\/cuanto-mas-me-rio-mas-nos-quiero\/#breadcrumb\",\"itemListElement\":[{\"@type\":\"ListItem\",\"position\":1,\"name\":\"Portada\",\"item\":\"https:\/\/www.ximenaduyos.com\/\"},{\"@type\":\"ListItem\",\"position\":2,\"name\":\"Tienda\",\"item\":\"https:\/\/www.ximenaduyos.com\/?page_id=9539\"},{\"@type\":\"ListItem\",\"position\":3,\"name\":\"Cuanto m\u00e1s me r\u00edo, m\u00e1s nos quiero\"}]},{\"@type\":\"WebSite\",\"@id\":\"https:\/\/www.ximenaduyos.com\/#website\",\"url\":\"https:\/\/www.ximenaduyos.com\/\",\"name\":\"Ximena duyos\",\"description\":\"Psicolog\u00eda y autoestima\",\"potentialAction\":[{\"@type\":\"SearchAction\",\"target\":{\"@type\":\"EntryPoint\",\"urlTemplate\":\"https:\/\/www.ximenaduyos.com\/?s={search_term_string}\"},\"query-input\":{\"@type\":\"PropertyValueSpecification\",\"valueRequired\":true,\"valueName\":\"search_term_string\"}}],\"inLanguage\":\"es\"}]}<\/script>\n<!-- \/ Yoast SEO plugin. -->","yoast_head_json":{"title":"Cuanto m\u00e1s me r\u00edo, m\u00e1s nos quiero - Ximena duyos","robots":{"index":"noindex","follow":"follow","max-snippet":"max-snippet:-1","max-image-preview":"max-image-preview:large","max-video-preview":"max-video-preview:-1"},"og_locale":"es_ES","og_type":"article","og_title":"Cuanto m\u00e1s me r\u00edo, m\u00e1s nos quiero - Ximena duyos","og_description":"Juego de tarjetas para parejas Cuanto m\u00e1s me r\u00edo, m\u00e1s nos quiero \u00bfSab\u00edas que la respuesta corporal de una carcajada","og_url":"https:\/\/www.ximenaduyos.com\/producto\/cuanto-mas-me-rio-mas-nos-quiero\/","og_site_name":"Ximena duyos","article_modified_time":"2024-10-14T11:32:18+00:00","og_image":[{"width":818,"height":1374,"url":"https:\/\/www.ximenaduyos.com\/wp-content\/uploads\/2024\/10\/cuanto-mas-me-rio.png","type":"image\/png"}],"twitter_card":"summary_large_image","twitter_misc":{"Tiempo de lectura":"1 minuto"},"schema":{"@context":"https:\/\/schema.org","@graph":[{"@type":"WebPage","@id":"https:\/\/www.ximenaduyos.com\/producto\/cuanto-mas-me-rio-mas-nos-quiero\/","url":"https:\/\/www.ximenaduyos.com\/producto\/cuanto-mas-me-rio-mas-nos-quiero\/","name":"Cuanto m\u00e1s me r\u00edo, m\u00e1s nos quiero - Ximena duyos","isPartOf":{"@id":"https:\/\/www.ximenaduyos.com\/#website"},"primaryImageOfPage":{"@id":"https:\/\/www.ximenaduyos.com\/producto\/cuanto-mas-me-rio-mas-nos-quiero\/#primaryimage"},"image":{"@id":"https:\/\/www.ximenaduyos.com\/producto\/cuanto-mas-me-rio-mas-nos-quiero\/#primaryimage"},"thumbnailUrl":"https:\/\/www.ximenaduyos.com\/wp-content\/uploads\/2024\/10\/cuanto-mas-me-rio.png","datePublished":"2024-09-24T10:23:49+00:00","dateModified":"2024-10-14T11:32:18+00:00","breadcrumb":{"@id":"https:\/\/www.ximenaduyos.com\/producto\/cuanto-mas-me-rio-mas-nos-quiero\/#breadcrumb"},"inLanguage":"es","potentialAction":[{"@type":"ReadAction","target":["https:\/\/www.ximenaduyos.com\/producto\/cuanto-mas-me-rio-mas-nos-quiero\/"]}]},{"@type":"ImageObject","inLanguage":"es","@id":"https:\/\/www.ximenaduyos.com\/producto\/cuanto-mas-me-rio-mas-nos-quiero\/#primaryimage","url":"https:\/\/www.ximenaduyos.com\/wp-content\/uploads\/2024\/10\/cuanto-mas-me-rio.png","contentUrl":"https:\/\/www.ximenaduyos.com\/wp-content\/uploads\/2024\/10\/cuanto-mas-me-rio.png","width":818,"height":1374},{"@type":"BreadcrumbList","@id":"https:\/\/www.ximenaduyos.com\/producto\/cuanto-mas-me-rio-mas-nos-quiero\/#breadcrumb","itemListElement":[{"@type":"ListItem","position":1,"name":"Portada","item":"https:\/\/www.ximenaduyos.com\/"},{"@type":"ListItem","position":2,"name":"Tienda","item":"https:\/\/www.ximenaduyos.com\/?page_id=9539"},{"@type":"ListItem","position":3,"name":"Cuanto m\u00e1s me r\u00edo, m\u00e1s nos quiero"}]},{"@type":"WebSite","@id":"https:\/\/www.ximenaduyos.com\/#website","url":"https:\/\/www.ximenaduyos.com\/","name":"Ximena duyos","description":"Psicolog\u00eda y autoestima","potentialAction":[{"@type":"SearchAction","target":{"@type":"EntryPoint","urlTemplate":"https:\/\/www.ximenaduyos.com\/?s={search_term_string}"},"query-input":{"@type":"PropertyValueSpecification","valueRequired":true,"valueName":"search_term_string"}}],"inLanguage":"es"}]}},"_links":{"self":[{"href":"https:\/\/www.ximenaduyos.com\/index.php?rest_route=\/wp\/v2\/product\/9534","targetHints":{"allow":["GET"]}}],"collection":[{"href":"https:\/\/www.ximenaduyos.com\/index.php?rest_route=\/wp\/v2\/product"}],"about":[{"href":"https:\/\/www.ximenaduyos.com\/index.php?rest_route=\/wp\/v2\/types\/product"}],"version-history":[{"count":1,"href":"https:\/\/www.ximenaduyos.com\/index.php?rest_route=\/wp\/v2\/product\/9534\/revisions"}],"predecessor-version":[{"id":9535,"href":"https:\/\/www.ximenaduyos.com\/index.php?rest_route=\/wp\/v2\/product\/9534\/revisions\/9535"}],"wp:featuredmedia":[{"embeddable":true,"href":"https:\/\/www.ximenaduyos.com\/index.php?rest_route=\/wp\/v2\/media\/10746"}],"wp:attachment":[{"href":"https:\/\/www.ximenaduyos.com\/index.php?rest_route=%2Fwp%2Fv2%2Fmedia&parent=9534"}],"wp:term":[{"taxonomy":"product_brand","embeddable":true,"href":"https:\/\/www.ximenaduyos.com\/index.php?rest_route=%2Fwp%2Fv2%2Fproduct_brand&post=9534"},{"taxonomy":"product_cat","embeddable":true,"href":"https:\/\/www.ximenaduyos.com\/index.php?rest_route=%2Fwp%2Fv2%2Fproduct_cat&post=9534"},{"taxonomy":"product_tag","embeddable":true,"href":"https:\/\/www.ximenaduyos.com\/index.php?rest_route=%2Fwp%2Fv2%2Fproduct_tag&post=9534"}],"curies":[{"name":"wp","href":"https:\/\/api.w.org\/{rel}","templated":true}]}}