{"id":8472,"date":"2023-02-06T14:27:28","date_gmt":"2023-02-06T13:27:28","guid":{"rendered":"https:\/\/iniciokit.cotos.es\/?page_id=8472"},"modified":"2024-10-04T13:02:10","modified_gmt":"2024-10-04T11:02:10","slug":"politica-de-privacidad","status":"publish","type":"page","link":"https:\/\/www.ximenaduyos.com\/?page_id=8472","title":{"rendered":"Pol\u00edtica de Privacidad"},"content":{"rendered":"\t\t<div data-elementor-type=\"wp-page\" data-elementor-id=\"8472\" class=\"elementor elementor-8472\">\n\t\t\t\t\t\t<section class=\"elementor-section elementor-top-section elementor-element elementor-element-856bc41 wd-section-stretch-content elementor-section-boxed elementor-section-height-default elementor-section-height-default\" data-id=\"856bc41\" data-element_type=\"section\" data-e-type=\"section\">\n\t\t\t\t\t\t<div class=\"elementor-container elementor-column-gap-default\">\n\t\t\t\t\t<div class=\"elementor-column elementor-col-100 elementor-top-column elementor-element elementor-element-3d8dd5b\" data-id=\"3d8dd5b\" data-element_type=\"column\" data-e-type=\"column\">\n\t\t\t<div class=\"elementor-widget-wrap elementor-element-populated\">\n\t\t\t\t\t\t<div class=\"elementor-element elementor-element-04c2557 elementor-widget__width-initial color-scheme-inherit text-left elementor-widget elementor-widget-text-editor\" data-id=\"04c2557\" data-element_type=\"widget\" data-e-type=\"widget\" data-widget_type=\"text-editor.default\">\n\t\t\t\t<div class=\"elementor-widget-container\">\n\t\t\t\t\t\t\t\t\t<h1><strong>Pol\u00edtica de privacidad<\/strong><\/h1>\n<h2><strong>Responsable del tratamiento <\/strong><\/h2>\n<p>La responsable del Tratamiento es XIMENA ROC\u00cdO DUYOS CABRERA, con domicilio en Pla\u00e7a dels Pa\u00efsos Catalans, 3. Apartado de Correos n\u00ba 59. 43480, Vila-Seca (TARRAGONA).<\/p>\n<h2><strong>Principios de privacidad <\/strong><\/h2>\n<p>Desde XIMENA ROC\u00cdO DUYOS CABRERA nos comprometemos contigo a trabajar continuamente para garantizar la privacidad en el tratamiento de tus datos personales, y para ofrecerte en cada momento la informaci\u00f3n m\u00e1s completa y clara que podamos. Te animamos a leer detenidamente esta secci\u00f3n antes de facilitarnos tus datos personales.<\/p>\n<p>Si eres menor de catorce a\u00f1os te rogamos que no nos facilites tus datos sin consentimiento de tus padres.<\/p>\n<p>En este apartado te informamos de c\u00f3mo tratamos los datos de las personas que tienen relaci\u00f3n con nuestra organizaci\u00f3n.<\/p>\n<p>Empezando por nuestros principios:<\/p>\n<ul>\n<li>No solicitamos informaci\u00f3n personal, a no ser que sea necesaria para prestarte los servicios que nos requieras.<\/li>\n<li>Nunca compartimos informaci\u00f3n personal con nadie, excepto para cumplir la ley, o contemos con tu autorizaci\u00f3n expresa.<\/li>\n<li>Nunca utilizaremos tus datos personales para finalidades distintas a las expresadas en la presente pol\u00edtica de privacidad.<\/li>\n<li>Tus datos siempre ser\u00e1n tratados con un nivel de protecci\u00f3n adecuado a la legislaci\u00f3n en materia de protecci\u00f3n de datos, y no los someteremos a decisiones automatizadas.<\/li>\n<\/ul>\n<p>La presente pol\u00edtica de privacidad la hemos redactado teniendo en cuenta las exigencias de la actual legislaci\u00f3n de protecci\u00f3n de datos:<\/p>\n<ul>\n<li>Reglamento (UE) 2016\/679 del Parlamento Europeo y del Consejo de 27 de abril de 2016 relativo a la protecci\u00f3n de las personas f\u00edsicas (RGPD).<\/li>\n<li>Ley Org\u00e1nica 3\/2018, de 5 de diciembre, de Protecci\u00f3n de Datos de Car\u00e1cter Personal y garant\u00eda de los derechos digitales (LOPD).<\/li>\n<li>Real Decreto 1720\/2007, de 21 de diciembre (RLOPD).<\/li>\n<\/ul>\n<p>Esta pol\u00edtica de privacidad est\u00e1 redactada con fecha 6 de diciembre de 2018.<\/p>\n<p>Con motivo de la modificaci\u00f3n de criterios de tratamiento, en aras de facilitar su comprensi\u00f3n o de adaptarla a la legalidad vigente, es posible que modifiquemos la presente pol\u00edtica de privacidad. Actualizaremos la fecha de la misma, para que puedas comprobar su vigencia.<\/p>\n<h2><strong>Tratamiento de contactos <\/strong><\/h2>\n<p><strong>Base Jur\u00eddica:<\/strong>\u00a0Consentimiento del interesado<\/p>\n<p><strong>Fines del Tratamiento:<\/strong>\u00a0Atender su solicitud, enviarle informaci\u00f3n y realizar un seguimiento de la solicitud.<\/p>\n<p><strong>Colectivo:<\/strong>\u00a0Personas de contacto, clientes, proveedores<\/p>\n<p><strong>Categor\u00edas de Datos:<\/strong>\u00a0Nombre y apellidos, tel\u00e9fono, direcci\u00f3n de email<\/p>\n<p><strong>Categor\u00edas de Destinatarios:<\/strong>\u00a0No se contemplan cesiones de datos a terceros.<\/p>\n<p><strong>Transferencias Internacionales:<\/strong>\u00a0No est\u00e1n previstas transferencias internacionales de los datos.<\/p>\n<p><strong>Plazo de Supresi\u00f3n:<\/strong>\u00a0Los datos de contacto se conservar\u00e1n por un periodo indefinido, o hasta que el interesado solicite su supresi\u00f3n.<\/p>\n<p><strong>Medidas de Seguridad:<\/strong>\u00a0Adaptadas a las exigencias del Reglamento (EU) 2016\/679, Reglamento General de Protecci\u00f3n de Datos.<\/p>\n<p>Tratamiento de atenci\u00f3n derechos de las personas (ARCO)<\/p>\n<p><strong>Base Jur\u00eddica:<\/strong>\u00a0RGPD: 6.1.c) Tratamiento necesario para el cumplimiento de una obligaci\u00f3n legal aplicable a la responsable del tratamiento. Reglamento General de Protecci\u00f3n de Datos.<\/p>\n<p><strong>Fines del Tratamiento:<\/strong>\u00a0Atender las solicitudes en el ejercicio de los derechos que establece el Reglamento General de Protecci\u00f3n de Datos: Derecho de acceso, recificaci\u00f3n, supresi\u00f3n, limitaci\u00f3n, portabilidad y oposici\u00f3n a la toma de decisiones automatizadas.<\/p>\n<p><strong>Colectivo:<\/strong>\u00a0Personas f\u00edsicas que lo solicitan (empleados, clientes, proveedores, personas de contacto)<\/p>\n<p><strong>Categor\u00edas de Datos:<\/strong>\u00a0Nombre y apellidos, direcci\u00f3n, firma y tel\u00e9fono.<\/p>\n<p><strong>Categor\u00edas de Destinatarios:<\/strong>\u00a0Los datos personales podr\u00e1n ser comunicados a la Autoridad de Control (Agencia Espa\u00f1ola de Protecci\u00f3n de Datos) en el marco de una investigaci\u00f3n por tutela de derechos iniciada por el interesado.<\/p>\n<p><strong>Transferencias Internacionales:<\/strong>\u00a0No est\u00e1n previstas transferencias internacionales de los datos.<\/p>\n<p><strong>Plazo de Supresi\u00f3n:<\/strong>\u00a0Se conservar\u00e1n durante un plazo de cinco a\u00f1os desde el momento de la solicitud.<\/p>\n<p><strong>Medidas de Seguridad:<\/strong>\u00a0Adaptadas a las exigencias del Reglamento (EU) 2016\/679, Reglamento General de Protecci\u00f3n de Datos.<\/p>\n<h2><strong>Tratamiento de proveedores <\/strong><\/h2>\n<p><strong>Base Jur\u00eddica:<\/strong>\u00a0RGPD: 6.1.b) Tratamiento necesario para la ejecuci\u00f3n de un contrato en el que el interesado es parte o para la aplicaci\u00f3n a petici\u00f3n de \u00e9ste de medidas precontractuales.<\/p>\n<p>RGPD: 6.1.c) Tratamiento necesario para el cumplimiento de una obligaci\u00f3n legal aplicable a la responsable del tratamiento. Real Decreto Legislativo 2\/2015, de 23 de octubre, por el que se aprueba el texto refundido de la Ley del Estatuto de los Trabajadores. Ley 58\/2003, de 17 de diciembre, General Tributaria.<\/p>\n<p><strong>Fines del Tratamiento:<\/strong>\u00a0\u2013 Adquisici\u00f3n de productos y\/o servicios que necesitamos para el desarrollo de nuestra actividad. \u2013 Control de los subcontratistas si procede.<\/p>\n<p><strong>Colectivo:<\/strong>\u00a0\u2013 Proveedores.<\/p>\n<p>\u2013 Personas que trabajan para nuestros proveedores.<\/p>\n<p><strong>Categor\u00edas de Datos:<\/strong>\u00a0\u2013 Nombre y apellidos, DNI\/NIF\/Documento identificativo, direcci\u00f3n, firma y tel\u00e9fono. \u2013 Datos de detalle de empleo: puesto de trabajo. Formaci\u00f3n en seguridad laboral. \u2013 Datos econ\u00f3mico financieros y de seguros: Datos bancarios.<\/p>\n<p><strong>Categor\u00edas de Destinatarios:<\/strong>\u00a0\u2013 Entidades financieras. (Pago de facturas)<\/p>\n<p>\u2013 Agencia Estatal de Administraci\u00f3n Tributaria.<\/p>\n<p><strong>Transferencias Internacionales:<\/strong>\u00a0No est\u00e1n previstas transferencias internacionales de los datos.<\/p>\n<p><strong>Plazo de Supresi\u00f3n:<\/strong>\u00a0Se conservar\u00e1n durante el tiempo necesario para cumplir con la finalidad para la que se recabaron y para determinar las posibles responsabilidades que se pudieran derivar de dicha finalidad y del tratamiento de los datos, conforme a la Ley 58\/2003, de 17 de diciembre, General Tributaria,<\/p>\n<p><strong>Medidas de Seguridad:<\/strong>\u00a0Adaptadas a las exigencias del Reglamento (EU) 2016\/679, Reglamento General de Protecci\u00f3n de Datos.<\/p>\n<h2><strong>Tratamiento de notificaci\u00f3n de brechas de seguridad <\/strong><\/h2>\n<p><strong>Base Jur\u00eddica:<\/strong>\u00a0RGPD: 6.1.c) Tratamiento necesario para el cumplimiento de una obligaci\u00f3n legal aplicable a la responsable del tratamiento. Reglamento General de Protecci\u00f3n de Datos. Art\u00edculos 33 y 34<\/p>\n<p><strong>Fines del Tratamiento:<\/strong>\u00a0Gesti\u00f3n y evaluaci\u00f3n de las brechas de seguridad que se produjeren en nuestra organizaci\u00f3n.<\/p>\n<p><strong>Colectivo:<\/strong>\u00a0Variable: Empleados, Clientes, Proveedores, Personas de Contacto (depender\u00e1 de la brecha de seguridad)<\/p>\n<p><strong>Categor\u00edas de Datos:<\/strong>\u00a0Variable. (Depender\u00e1 de la brecha de seguridad)<\/p>\n<p><strong>Categor\u00edas de Destinatarios:<\/strong>\u00a0\u2013 Agencia Espa\u00f1ola de Protecci\u00f3n de Datos.<\/p>\n<p>\u2013 Fuerzas y Cuerpos de Seguridad del Estado.<\/p>\n<p><strong>Transferencias Internacionales:<\/strong>\u00a0No est\u00e1n previstas transferencias internacionales de los datos.<\/p>\n<p><strong>Plazo de Supresi\u00f3n:<\/strong>\u00a0Se conservar\u00e1n durante el tiempo necesario para cumplir con la finalidad para la que se recabaron y para determinar las posibles responsabilidades que se pudieran derivar de dicha finalidad y del tratamiento de los datos. Ser\u00e1 de aplicaci\u00f3n lo dispuesto en la normativa de archivos y documentaci\u00f3n.<\/p>\n<p><strong>Medidas de Seguridad:<\/strong>\u00a0Adaptadas a las exigencias del Reglamento (EU) 2016\/679, Reglamento General de Protecci\u00f3n de Datos.<\/p>\n<h2><strong>Tratamiento de historiales psicol\u00f3gicos <\/strong><\/h2>\n<p><strong>Base Jur\u00eddica:<\/strong>\u00a0RGPD: 6.1.b) Tratamiento necesario para la ejecuci\u00f3n de un contrato en el que el interesado es parte o para la aplicaci\u00f3n a petici\u00f3n de \u00e9ste de medidas precontractuales.<\/p>\n<p><strong>Fines del Tratamiento:<\/strong>\u00a0Gestionar los datos de salud (Historial cl\u00ednico) de los pacientes, para realizar diagn\u00f3sticos y seguir tratamientos psicol\u00f3gicos\u00a0<\/p>\n<p><strong>Colectivo:<\/strong>\u00a0Pacientes<\/p>\n<p><strong>Categor\u00edas de Datos:<\/strong>\u00a0\u2013 Nombre y apellidos, DNI\/NIF\/Documento identificativo, direcci\u00f3n, firma y tel\u00e9fono. \u2013 Datos de Salud<\/p>\n<p><strong>Categor\u00edas de Destinatarios:<\/strong>\u00a0Administraci\u00f3n p\u00fablica con competencias en sanidad<\/p>\n<p><strong>Transferencias Internacionales:<\/strong>\u00a0No est\u00e1n previstas transferencias internacionales de los datos.<\/p>\n<p><strong>Plazo de Supresi\u00f3n:<\/strong>\u00a0Se conservar\u00e1n durante el tiempo necesario para cumplir con la finalidad para la que se recabaron y para determinar las posibles responsabilidades que se pudieran derivar de dicha finalidad y del tratamiento de los datos.<\/p>\n<p><strong>Medidas de Seguridad:<\/strong>\u00a0Adaptadas a las exigencias del Reglamento (EU) 2016\/679, Reglamento General de Protecci\u00f3n de Datos.<\/p>\n<h2><strong>Tus derechos <\/strong><\/h2>\n<p>Tienes derecho a solicitarnos una copia de tus datos personales, a rectificar los datos inexactos o completarlos si estuvieren incompletos, o en su caso suprimirlos, cuando ya no sean necesarios para los fines para los que fueron recogidos.<\/p>\n<p><\/p>\n<p>Tambi\u00e9n tienes derecho a limitar el tratamiento de tus datos personales y a obtener tus datos personales en un formato estructurado y legible.<\/p>\n<p><\/p>\n<p>Puedes oponerte al tratamiento de tus datos personales en algunas circunstancias (en particular, cuando no tengamos que procesarlos para cumplir con un requisito contractual u otro requisito legal, o cuando el objeto del tratamiento sea el marketing directo).<\/p>\n<p><\/p>\n<p>Cuando nos hayas otorgado tu consentimiento, podr\u00e1s retirarlo en cualquier momento. En ese momento dejaremos de tratar tus datos o, en su caso, dejaremos de hacerlo para esa finalidad en concreto. Si decides retirar tu consentimiento, esto no afectar\u00e1 a ning\u00fan tratamiento que haya tenido lugar mientras tu consentimiento estaba vigente.<\/p>\n<p><\/p>\n<p>Estos derechos podr\u00e1n verse limitados; por ejemplo si para cumplir tu solicitud tuvi\u00e9semos que revelar datos sobre otra persona, o si nos solicitas que eliminemos algunos registros que estamos obligados a mantener por una obligaci\u00f3n legal o por un inter\u00e9s leg\u00edtimo, como pueda ser el ejercicio de defensa ante reclamaciones. O incluso en aquellos casos donde debe prevalecer el derecho a la libertad de expresi\u00f3n e informaci\u00f3n.<\/p>\n<p><\/p>\n<p>Puedes contactar con nosotros por cualquiera de los medios indicados en el apartado Responsable del Tratamiento de esta pol\u00edtica de privacidad, aportando una copia de un documento que acredite tu identidad (normalmente el DNI).<\/p>\n<p>Otro de tus derechos es el de no ser objeto de una decisi\u00f3n basada \u00fanicamente en un tratamiento automatizado, incluida la elaboraci\u00f3n de perfiles que produzca efectos jur\u00eddicos o te afecte.<\/p>\n<p>Frente a cualquier vulneraci\u00f3n de tus derechos, como, por ejemplo, que no hayamos atendido tu solicitud, tienes derecho a presentar una reclamaci\u00f3n ante la Autoridad de Control en materia de protecci\u00f3n de datos. Esta puede ser la de tu pa\u00eds (si vives fuera de Espa\u00f1a) o la Agencia Espa\u00f1ola de Protecci\u00f3n de Datos (si vives en Espa\u00f1a)<\/p>\n<h2><strong>Enlaces a sitios web de terceros <\/strong><\/h2>\n<p>Nuestro sitio web puede, en algunas ocasiones, contener enlaces hacia otros sitios web. Es tu responsabilidad asegurarte de leer la pol\u00edtica de protecci\u00f3n de datos y las condiciones legales que se apliquen a cada sitio.<\/p>\n<h2><strong>Datos de terceros <\/strong><\/h2>\n<p>Si nos facilitas datos de terceros, asumes la responsabilidad de informarles previamente seg\u00fan lo establecido en el art\u00edculo 14 del RGPD.<\/p>\t\t\t\t\t\t\t\t<\/div>\n\t\t\t\t<\/div>\n\t\t\t\t\t<\/div>\n\t\t<\/div>\n\t\t\t\t\t<\/div>\n\t\t<\/section>\n\t\t\t\t<\/div>\n\t\t","protected":false},"excerpt":{"rendered":"<p>Pol\u00edtica de privacidad Responsable del tratamiento La responsable del Tratamiento es XIMENA ROC\u00cdO DUYOS CABRERA, con domicilio en Pla\u00e7a dels<\/p>\n","protected":false},"author":1,"featured_media":0,"parent":0,"menu_order":0,"comment_status":"closed","ping_status":"closed","template":"","meta":{"_joinchat":[],"footnotes":""},"class_list":["post-8472","page","type-page","status-publish","hentry"],"yoast_head":"<!-- This site is optimized with the Yoast SEO plugin v27.0 - https:\/\/yoast.com\/product\/yoast-seo-wordpress\/ -->\n<title>Pol\u00edtica de Privacidad - Ximena duyos<\/title>\n<meta name=\"robots\" content=\"noindex, follow\" \/>\n<meta property=\"og:locale\" content=\"es_ES\" \/>\n<meta property=\"og:type\" content=\"article\" \/>\n<meta property=\"og:title\" content=\"Pol\u00edtica de Privacidad - Ximena duyos\" \/>\n<meta property=\"og:description\" content=\"Pol\u00edtica de privacidad Responsable del tratamiento La responsable del Tratamiento es XIMENA ROC\u00cdO DUYOS CABRERA, con domicilio en Pla\u00e7a dels\" \/>\n<meta property=\"og:url\" content=\"https:\/\/www.ximenaduyos.com\/?page_id=8472\" \/>\n<meta property=\"og:site_name\" content=\"Ximena duyos\" \/>\n<meta property=\"article:modified_time\" content=\"2024-10-04T11:02:10+00:00\" \/>\n<meta property=\"og:image\" content=\"https:\/\/www.ximenaduyos.com\/wp-content\/uploads\/2024\/12\/LOGOTIPO-VERTICAL-NEGRO.png\" \/>\n\t<meta property=\"og:image:width\" content=\"3036\" \/>\n\t<meta property=\"og:image:height\" content=\"1524\" \/>\n\t<meta property=\"og:image:type\" content=\"image\/png\" \/>\n<meta name=\"twitter:card\" content=\"summary_large_image\" \/>\n<script type=\"application\/ld+json\" class=\"yoast-schema-graph\">{\"@context\":\"https:\/\/schema.org\",\"@graph\":[{\"@type\":\"WebPage\",\"@id\":\"https:\/\/www.ximenaduyos.com\/?page_id=8472\",\"url\":\"https:\/\/www.ximenaduyos.com\/?page_id=8472\",\"name\":\"Pol\u00edtica de Privacidad - Ximena duyos\",\"isPartOf\":{\"@id\":\"https:\/\/www.ximenaduyos.com\/#website\"},\"datePublished\":\"2023-02-06T13:27:28+00:00\",\"dateModified\":\"2024-10-04T11:02:10+00:00\",\"breadcrumb\":{\"@id\":\"https:\/\/www.ximenaduyos.com\/?page_id=8472#breadcrumb\"},\"inLanguage\":\"es\",\"potentialAction\":[{\"@type\":\"ReadAction\",\"target\":[\"https:\/\/www.ximenaduyos.com\/?page_id=8472\"]}]},{\"@type\":\"BreadcrumbList\",\"@id\":\"https:\/\/www.ximenaduyos.com\/?page_id=8472#breadcrumb\",\"itemListElement\":[{\"@type\":\"ListItem\",\"position\":1,\"name\":\"Portada\",\"item\":\"https:\/\/www.ximenaduyos.com\/\"},{\"@type\":\"ListItem\",\"position\":2,\"name\":\"Pol\u00edtica de Privacidad\"}]},{\"@type\":\"WebSite\",\"@id\":\"https:\/\/www.ximenaduyos.com\/#website\",\"url\":\"https:\/\/www.ximenaduyos.com\/\",\"name\":\"Ximena duyos\",\"description\":\"Psicolog\u00eda y autoestima\",\"potentialAction\":[{\"@type\":\"SearchAction\",\"target\":{\"@type\":\"EntryPoint\",\"urlTemplate\":\"https:\/\/www.ximenaduyos.com\/?s={search_term_string}\"},\"query-input\":{\"@type\":\"PropertyValueSpecification\",\"valueRequired\":true,\"valueName\":\"search_term_string\"}}],\"inLanguage\":\"es\"}]}<\/script>\n<!-- \/ Yoast SEO plugin. -->","yoast_head_json":{"title":"Pol\u00edtica de Privacidad - Ximena duyos","robots":{"index":"noindex","follow":"follow"},"og_locale":"es_ES","og_type":"article","og_title":"Pol\u00edtica de Privacidad - Ximena duyos","og_description":"Pol\u00edtica de privacidad Responsable del tratamiento La responsable del Tratamiento es XIMENA ROC\u00cdO DUYOS CABRERA, con domicilio en Pla\u00e7a dels","og_url":"https:\/\/www.ximenaduyos.com\/?page_id=8472","og_site_name":"Ximena duyos","article_modified_time":"2024-10-04T11:02:10+00:00","og_image":[{"width":3036,"height":1524,"url":"https:\/\/www.ximenaduyos.com\/wp-content\/uploads\/2024\/12\/LOGOTIPO-VERTICAL-NEGRO.png","type":"image\/png"}],"twitter_card":"summary_large_image","schema":{"@context":"https:\/\/schema.org","@graph":[{"@type":"WebPage","@id":"https:\/\/www.ximenaduyos.com\/?page_id=8472","url":"https:\/\/www.ximenaduyos.com\/?page_id=8472","name":"Pol\u00edtica de Privacidad - Ximena duyos","isPartOf":{"@id":"https:\/\/www.ximenaduyos.com\/#website"},"datePublished":"2023-02-06T13:27:28+00:00","dateModified":"2024-10-04T11:02:10+00:00","breadcrumb":{"@id":"https:\/\/www.ximenaduyos.com\/?page_id=8472#breadcrumb"},"inLanguage":"es","potentialAction":[{"@type":"ReadAction","target":["https:\/\/www.ximenaduyos.com\/?page_id=8472"]}]},{"@type":"BreadcrumbList","@id":"https:\/\/www.ximenaduyos.com\/?page_id=8472#breadcrumb","itemListElement":[{"@type":"ListItem","position":1,"name":"Portada","item":"https:\/\/www.ximenaduyos.com\/"},{"@type":"ListItem","position":2,"name":"Pol\u00edtica de Privacidad"}]},{"@type":"WebSite","@id":"https:\/\/www.ximenaduyos.com\/#website","url":"https:\/\/www.ximenaduyos.com\/","name":"Ximena duyos","description":"Psicolog\u00eda y autoestima","potentialAction":[{"@type":"SearchAction","target":{"@type":"EntryPoint","urlTemplate":"https:\/\/www.ximenaduyos.com\/?s={search_term_string}"},"query-input":{"@type":"PropertyValueSpecification","valueRequired":true,"valueName":"search_term_string"}}],"inLanguage":"es"}]}},"_links":{"self":[{"href":"https:\/\/www.ximenaduyos.com\/index.php?rest_route=\/wp\/v2\/pages\/8472","targetHints":{"allow":["GET"]}}],"collection":[{"href":"https:\/\/www.ximenaduyos.com\/index.php?rest_route=\/wp\/v2\/pages"}],"about":[{"href":"https:\/\/www.ximenaduyos.com\/index.php?rest_route=\/wp\/v2\/types\/page"}],"author":[{"embeddable":true,"href":"https:\/\/www.ximenaduyos.com\/index.php?rest_route=\/wp\/v2\/users\/1"}],"replies":[{"embeddable":true,"href":"https:\/\/www.ximenaduyos.com\/index.php?rest_route=%2Fwp%2Fv2%2Fcomments&post=8472"}],"version-history":[{"count":4,"href":"https:\/\/www.ximenaduyos.com\/index.php?rest_route=\/wp\/v2\/pages\/8472\/revisions"}],"predecessor-version":[{"id":10796,"href":"https:\/\/www.ximenaduyos.com\/index.php?rest_route=\/wp\/v2\/pages\/8472\/revisions\/10796"}],"wp:attachment":[{"href":"https:\/\/www.ximenaduyos.com\/index.php?rest_route=%2Fwp%2Fv2%2Fmedia&parent=8472"}],"curies":[{"name":"wp","href":"https:\/\/api.w.org\/{rel}","templated":true}]}}